{"id":10543,"date":"2025-03-28T12:17:29","date_gmt":"2025-03-28T11:17:29","guid":{"rendered":"https:\/\/www.knillgruppe.com\/batteriemaschinen\/"},"modified":"2026-04-20T11:04:44","modified_gmt":"2026-04-20T09:04:44","slug":"battery-machines","status":"publish","type":"page","link":"https:\/\/www.knillgruppe.com\/en\/technology\/battery-machines\/","title":{"rendered":"Battery Machines"},"content":{"rendered":"\n<div class=\"trnc-headline-text-block full py-10 red\"\n     style=\"\" >\n    <div class=\"base-grid mx-auto\">\n        <div class=\"block lg:flex flex-row gap-4\">\n            <div class=\"w-full lg:w-1\/2 flex\">\n                <h2 class=\"!text-xl lg:!text-3xl !font-bold uppercase red\">\n                Battery Machines                <\/h2>\n        <\/div>\n            <div class=\"w-full lg:w-1\/2 flex\">\n                <div class=\"!text-large text-left leading-tight\">\n                    <p>BM-Rosendahl is a manufacturer of solutions and equipment for the production of lithium-ion and lead-acid batteries.<\/p>\n                                    <\/div>\n            <\/div>\n        <\/div>\n    <\/div>\n<\/div>\n\n\n\n<div  class=\"trnc-spacer full bg-\"\n     style=\"height: 120px;\">\n<\/div>\n\n<style>\n    @media (max-width: 768px) {\n        .trnc-spacer {\n            height: 50px !important;\n        }\n    }\n<\/style>\n\n\n\n<p><\/p>\n\n\n\n<h2 class=\"wp-block-heading\">Technology with vision<\/h2>\n\n\n\n<p class=\"has-li-large-font-size\">With solutions from BM-Rosendahl, you can manufacture lithium-ion batteries and lead-acid batteries for a wide range of applications, from on-road and off-road transportation to stationary applications. With over 50 years of experience in the construction of battery machines, we have the necessary expertise and know exactly what is required for battery production. Our development and production center in Austria delivers customized solutions for your battery production. We can respond quickly and reliably to constantly changing market requirements. Thanks to global sales and service offices in Austria, the USA, India, and China, we are close to our customers and quickly on site. We understand the complexity of your products and requirements. If you are looking for a leading and service-oriented partner, we are here for you. <\/p>\n\n\n\n<p class=\"has-li-large-font-size\"><\/p>\n\n\n\n        <div class=\"trnc-teaser full py-6 lg:py-12 bg-light \">\n        <div class=\"base-grid mx-auto\">\n                            <h3 class=\"text-3xl relative !font-bold uppercase mb-4 red\">\n                    Our solutions                <\/h3>\n            \n            <div class=\"grid grid-cols-1 sm:grid-cols-2 lg:grid-cols-3 gap-6\">\n                \n                \n                \n                    <div class=\"relative overflow-hidden group flex flex-col   h-full\" >\n\n                                                                                    <div class=\"absolute sm:opacity-0 bg-cover sm:transition-all sm:group-hover:opacity-100 sm:group-hover:scale-110 duration-200 top-0 bottom-0 left-0 right-0 bg-center z-0\"\n                                    style=\"background-image: url(https:\/\/www.knillgruppe.com\/wp-content\/uploads\/2025\/04\/Headerbild-Technology-e1745823430594.jpg); background-repeat: no-repeat\">\n                                <\/div>\n                                                    \n                        <div class=\"absolute opacity-50 sm:opacity-0 sm:transition-opacity sm:group-hover:opacity-50 duration-200 h-full w-full bg-black z-10\"><\/div>\n                        <div class=\"p-3 flex flex-col justify-between z-20 relative w-full h-full\">\n                            <div class=\"flex flex-col gap-4\">\n                                                                    <div class=\"relative h-auto\">\n                                                                                    <div class=\"flex gap-4 group-hover:hidden transition-opacity duration-200\">\n                                                                                                    <img decoding=\"async\" loading=\"lazy\" src=\"https:\/\/www.knillgruppe.com\/wp-content\/uploads\/2025\/09\/Unternehmenspiktogramme_KG-Website_4C_85x83mm_BM-Rosendahl.png\" alt=\"\" class=\"h-[40px] w-auto\" \/>\n                                                                                            <\/div>\n                                        \n                                                                                    <div class=\"flex gap-4 hidden group-hover:flex transition-opacity duration-200\">\n                                                                                                    <img decoding=\"async\" loading=\"lazy\" src=\"https:\/\/www.knillgruppe.com\/wp-content\/uploads\/2025\/09\/Unternehmenspiktogramm_BM_weiss.png\" alt=\"\" class=\"h-[40px] w-auto\" \/>\n                                                                                            <\/div>\n                                                                            <\/div>\n                                \n                                <div class=\"flex gap-2 flex-col\">\n                                    \n                                    <div class=\"title-line--teaser red leading-none font-medium text-lg  text-white teaser-text group-hover:!text-white transition-colors duration-200\">\n                                        Lithium-ion production lines                                    <\/div>\n                                <\/div>\n\n                                <div class=\"hidden sm:block text-white teaser-text font-normal leading-none group-hover:!text-white transition-colors duration-200 mb-4 text-normal leading-tight\">\n                                    We supply production equipment for module and pack assembly. With our solutions and process expertise, we cover all assembly steps for lithium-ion batteries and other cell types.                                  <\/div>\n                            <\/div>\n\n                            \n                                                    <\/div>\n\n                    <\/div>\n                \n                    <div class=\"relative overflow-hidden group flex flex-col border-red  h-full\" >\n\n                                                                                    <div class=\"absolute sm:opacity-0 bg-cover sm:transition-all sm:group-hover:opacity-100 sm:group-hover:scale-110 duration-200 top-0 bottom-0 left-0 right-0 bg-center z-0\"\n                                    style=\"background-image: url(https:\/\/www.knillgruppe.com\/wp-content\/uploads\/2025\/04\/Teaserbild_BleiSaeure-Batterie.jpg); background-repeat: no-repeat\">\n                                <\/div>\n                                                    \n                        <div class=\"absolute opacity-50 sm:opacity-0 sm:transition-opacity sm:group-hover:opacity-50 duration-200 h-full w-full bg-black z-10\"><\/div>\n                        <div class=\"p-3 flex flex-col justify-between z-20 relative w-full h-full\">\n                            <div class=\"flex flex-col gap-4\">\n                                                                    <div class=\"relative h-auto\">\n                                                                                    <div class=\"flex gap-4 group-hover:hidden transition-opacity duration-200\">\n                                                                                                    <img decoding=\"async\" loading=\"lazy\" src=\"https:\/\/www.knillgruppe.com\/wp-content\/uploads\/2025\/09\/Unternehmenspiktogramme_KG-Website_4C_85x83mm_BM-Rosendahl.png\" alt=\"\" class=\"h-[40px] w-auto\" \/>\n                                                                                            <\/div>\n                                        \n                                                                                    <div class=\"flex gap-4 hidden group-hover:flex transition-opacity duration-200\">\n                                                                                                    <img decoding=\"async\" loading=\"lazy\" src=\"https:\/\/www.knillgruppe.com\/wp-content\/uploads\/2025\/09\/Unternehmenspiktogramm_BM_weiss.png\" alt=\"\" class=\"h-[40px] w-auto\" \/>\n                                                                                            <\/div>\n                                                                            <\/div>\n                                \n                                <div class=\"flex gap-2 flex-col\">\n                                    \n                                    <div class=\"title-line--teaser red leading-none font-medium text-lg  text-white teaser-text group-hover:!text-white transition-colors duration-200\">\n                                        Lead-acid production lines                                    <\/div>\n                                <\/div>\n\n                                <div class=\"hidden sm:block text-white teaser-text font-normal leading-none group-hover:!text-white transition-colors duration-200 mb-4 text-normal leading-tight\">\n                                    Discover our wide range of production equipment \u2013 from entry-level models to the world&#8217;s fastest single-pocket machine (BMR 15X TT) or the most efficient single-cavity sprue machine (RoCOS X1).                                 <\/div>\n                            <\/div>\n\n                            \n                                                    <\/div>\n\n                    <\/div>\n                \n                            <\/div>\n        <\/div>\n    <\/div>\n\n\n \n <div class=\"trnc-hero-banner-block full h-[auto] md:h-[650px] xl:h-[700px] 2xl:h-[750px] flex flex-col md:flex-row relative\" >\n    <div class=\"w-full block md:hidden\">\n        <img decoding=\"async\" loading=\"lazy\" src=\"https:\/\/www.knillgruppe.com\/wp-content\/uploads\/2025\/04\/Headerbild-Technology-e1745823430594.jpg\" alt=\"\" class=\"w-full h-auto object-cover\" \/>\n    <\/div>\n\n    <div class=\"hidden md:flex w-full md:w-[50%] h-full relative bg-cover bg-center items-center justify-center p-6\"\n        style=\"background-image: url('https:\/\/www.knillgruppe.com\/wp-content\/uploads\/2025\/04\/Headerbild-Technology-e1745823430594.jpg');\">\n    <\/div>\n\n    <div class=\"w-full md:w-[50%] h-full flex items-center justify-start bg-light p-4 pb-12 md:p-12\">\n        <div class=\"text-left relative max-w-xl\">\n                            <h1 class=\"text-3xl relative !font-bold uppercase mb-6 pl-4  red headline-red\">\n                    Li-Ion-battery systems <br><br>\n                <\/h1>\n            \n                            <p class=\"md:text-p-large leading-tight red headline-red\">\n                    The product portfolio begins after cell production and includes module and pack assembly for lithium-ion or sodium-ion batteries. From cell preparation and laser welding to testing the finished battery.                <\/p>\n            \n                                    <div class=\"mt-6\">\n                    <a href=\"https:\/\/rosendahlnextrom.com\/bm\/products\/lithium-ion-battery-production-lines\/\" target=\"_blank\"\n                        class=\"text-regular button--hero red  inverted\">\n                        Production lines for lithium-ion-batteries                    <\/a>\n                    <\/div>\n                    <\/div>\n    <\/div>\n<\/div>\n\n\n\n<p><\/p>\n\n\n\n<h2 class=\"wp-block-heading has-secondary-color has-text-color has-link-color wp-elements-a20dfd89a5bc1536c2d23c7402157d51\">Expertise in special machine construction<\/h2>\n\n\n\n<p>BM-Rosendahl develops, designs, and builds customized manufacturing solutions for battery and energy storage systems. Whether for lithium-ion or other cell technologies, for on-road, off-road, or stationary applications. With 50 years of experience in building special-purpose machines for battery assembly, BM-Rosendahl has extensive expertise. We understand the individual processes, assembly steps, and requirements necessary for high-quality lithium-ion machines and battery systems.&nbsp;&nbsp;<\/p>\n\n\n\n<p><\/p>\n\n\n \n <div class=\"trnc-hero-banner-block full h-[auto] md:h-[650px] xl:h-[700px] 2xl:h-[750px] flex flex-col md:flex-row relative\" >\n    <div class=\"w-full block md:hidden\">\n        <img decoding=\"async\" loading=\"lazy\" src=\"https:\/\/www.knillgruppe.com\/wp-content\/uploads\/2025\/04\/Teaserbild_BleiSaeure-Batterie.jpg\" alt=\"\" class=\"w-full h-auto object-cover\" \/>\n    <\/div>\n\n    <div class=\"hidden md:flex w-full md:w-[50%] h-full relative bg-cover bg-center items-center justify-center p-6\"\n        style=\"background-image: url('https:\/\/www.knillgruppe.com\/wp-content\/uploads\/2025\/04\/Teaserbild_BleiSaeure-Batterie.jpg');\">\n    <\/div>\n\n    <div class=\"w-full md:w-[50%] h-full flex items-center justify-start bg-light p-4 pb-12 md:p-12\">\n        <div class=\"text-left relative max-w-xl\">\n                            <h1 class=\"text-3xl relative !font-bold uppercase mb-6 pl-4  red headline-red\">\n                    Lead-acid battery machines <br><br>\n                <\/h1>\n            \n                            <p class=\"md:text-p-large leading-tight red headline-red\">\n                    For over 50 years, BM-Rosendahl has stood for expertise, innovation, and quality in lead-acid battery technology. We accompany you every step of the way\u2014from the initial consultation to planning and design to the complete commissioning of your production facility.<br \/>\n                <\/p>\n            \n                                    <div class=\"mt-6\">\n                    <a href=\"https:\/\/rosendahlnextrom.com\/bm\/products\/lead-acid-production-lines\/\" target=\"_blank\"\n                        class=\"text-regular button--hero red  inverted\">\n                        Production lines for Lead-acid batteries                    <\/a>\n                    <\/div>\n                    <\/div>\n    <\/div>\n<\/div>\n\n\n\n<p><\/p>\n\n\n\n<h2 class=\"wp-block-heading has-secondary-color has-text-color has-link-color wp-elements-89d613080b5c9087af377546824ec605\">Customized solutions for every battery application<\/h2>\n\n\n\n<p>Automotive, motorcycle, or industrial batteries\u2014BM-Rosendahl offers customized solutions for a wide range of requirements. With our many years of experience and comprehensive expertise, we develop highly efficient, reliable systems for modern battery production.&nbsp;<\/p>\n\n\n\n<div class=\"wp-block-buttons is-content-justification-center is-layout-flex wp-container-core-buttons-is-layout-16018d1d wp-block-buttons-is-layout-flex\">\n<div class=\"wp-block-button is-style-fill\"><a class=\"wp-block-button__link has-white-color has-secondary-background-color has-text-color has-background has-link-color wp-element-button\" href=\"https:\/\/rosendahlnextrom.com\/bm\/\">More about BM-Rosendahl<\/a><\/div>\n<\/div>\n\n\n\n<div  class=\"trnc-spacer full bg-white\"\n     style=\"height: 120px;\">\n<\/div>\n\n<style>\n    @media (max-width: 768px) {\n        .trnc-spacer {\n            height: 50px !important;\n        }\n    }\n<\/style>\n","protected":false},"excerpt":{"rendered":"<p>Technology with vision With solutions from BM-Rosendahl, you can manufacture lithium-ion batteries and lead-acid batteries for a wide range of applications, from on-road and off-road transportation to stationary applications. With over 50 years of experience in the construction of battery machines, we have the necessary expertise and know exactly what is required for battery production. [&hellip;]<\/p>\n","protected":false},"author":2,"featured_media":0,"parent":11883,"menu_order":0,"comment_status":"closed","ping_status":"closed","template":"","meta":{"_acf_changed":false,"inline_featured_image":false,"footnotes":""},"class_list":["post-10543","page","type-page","status-publish","hentry"],"acf":[],"yoast_head":"<!-- This site is optimized with the Yoast SEO plugin v25.9 - https:\/\/yoast.com\/wordpress\/plugins\/seo\/ -->\n<title>Battery Machines - Knill Group<\/title>\n<meta name=\"description\" content=\"BM-Rosendahl ist der weltweit f\u00fchrende Hersteller von L\u00f6sungen f\u00fcr Lithium-Ionen und Blei-S\u00e4ure-Batterieproduktion.\" \/>\n<meta name=\"robots\" content=\"index, follow, max-snippet:-1, max-image-preview:large, max-video-preview:-1\" \/>\n<link rel=\"canonical\" href=\"https:\/\/www.knillgruppe.com\/en\/technology\/battery-machines\/\" \/>\n<meta property=\"og:locale\" content=\"en_US\" \/>\n<meta property=\"og:type\" content=\"article\" \/>\n<meta property=\"og:title\" content=\"Battery Machines - Knill Group\" \/>\n<meta property=\"og:description\" content=\"BM-Rosendahl ist der weltweit f\u00fchrende Hersteller von L\u00f6sungen f\u00fcr Lithium-Ionen und Blei-S\u00e4ure-Batterieproduktion.\" \/>\n<meta property=\"og:url\" content=\"https:\/\/www.knillgruppe.com\/en\/technology\/battery-machines\/\" \/>\n<meta property=\"og:site_name\" content=\"Knill Group\" \/>\n<meta property=\"article:modified_time\" content=\"2026-04-20T09:04:44+00:00\" \/>\n<meta name=\"twitter:card\" content=\"summary_large_image\" \/>\n<meta name=\"twitter:label1\" content=\"Est. reading time\" \/>\n\t<meta name=\"twitter:data1\" content=\"2 minutes\" \/>\n<script type=\"application\/ld+json\" class=\"yoast-schema-graph\">{\"@context\":\"https:\/\/schema.org\",\"@graph\":[{\"@type\":\"WebPage\",\"@id\":\"https:\/\/www.knillgruppe.com\/en\/technology\/battery-machines\/\",\"url\":\"https:\/\/www.knillgruppe.com\/en\/technology\/battery-machines\/\",\"name\":\"Battery Machines - Knill Group\",\"isPartOf\":{\"@id\":\"https:\/\/www.knillgruppe.com\/en\/#website\"},\"datePublished\":\"2025-03-28T11:17:29+00:00\",\"dateModified\":\"2026-04-20T09:04:44+00:00\",\"description\":\"BM-Rosendahl ist der weltweit f\u00fchrende Hersteller von L\u00f6sungen f\u00fcr Lithium-Ionen und Blei-S\u00e4ure-Batterieproduktion.\",\"breadcrumb\":{\"@id\":\"https:\/\/www.knillgruppe.com\/en\/technology\/battery-machines\/#breadcrumb\"},\"inLanguage\":\"en-US\",\"potentialAction\":[{\"@type\":\"ReadAction\",\"target\":[\"https:\/\/www.knillgruppe.com\/en\/technology\/battery-machines\/\"]}]},{\"@type\":\"BreadcrumbList\",\"@id\":\"https:\/\/www.knillgruppe.com\/en\/technology\/battery-machines\/#breadcrumb\",\"itemListElement\":[{\"@type\":\"ListItem\",\"position\":1,\"name\":\"Home\",\"item\":\"https:\/\/www.knillgruppe.com\/en\/\"},{\"@type\":\"ListItem\",\"position\":2,\"name\":\"Technology\",\"item\":\"https:\/\/www.knillgruppe.com\/en\/technology\/\"},{\"@type\":\"ListItem\",\"position\":3,\"name\":\"Battery Machines\"}]},{\"@type\":\"WebSite\",\"@id\":\"https:\/\/www.knillgruppe.com\/en\/#website\",\"url\":\"https:\/\/www.knillgruppe.com\/en\/\",\"name\":\"Knill Group\",\"description\":\"\",\"potentialAction\":[{\"@type\":\"SearchAction\",\"target\":{\"@type\":\"EntryPoint\",\"urlTemplate\":\"https:\/\/www.knillgruppe.com\/en\/?s={search_term_string}\"},\"query-input\":{\"@type\":\"PropertyValueSpecification\",\"valueRequired\":true,\"valueName\":\"search_term_string\"}}],\"inLanguage\":\"en-US\"}]}<\/script>\n<!-- \/ Yoast SEO plugin. -->","yoast_head_json":{"title":"Battery Machines - Knill Group","description":"BM-Rosendahl ist der weltweit f\u00fchrende Hersteller von L\u00f6sungen f\u00fcr Lithium-Ionen und Blei-S\u00e4ure-Batterieproduktion.","robots":{"index":"index","follow":"follow","max-snippet":"max-snippet:-1","max-image-preview":"max-image-preview:large","max-video-preview":"max-video-preview:-1"},"canonical":"https:\/\/www.knillgruppe.com\/en\/technology\/battery-machines\/","og_locale":"en_US","og_type":"article","og_title":"Battery Machines - Knill Group","og_description":"BM-Rosendahl ist der weltweit f\u00fchrende Hersteller von L\u00f6sungen f\u00fcr Lithium-Ionen und Blei-S\u00e4ure-Batterieproduktion.","og_url":"https:\/\/www.knillgruppe.com\/en\/technology\/battery-machines\/","og_site_name":"Knill Group","article_modified_time":"2026-04-20T09:04:44+00:00","twitter_card":"summary_large_image","twitter_misc":{"Est. reading time":"2 minutes"},"schema":{"@context":"https:\/\/schema.org","@graph":[{"@type":"WebPage","@id":"https:\/\/www.knillgruppe.com\/en\/technology\/battery-machines\/","url":"https:\/\/www.knillgruppe.com\/en\/technology\/battery-machines\/","name":"Battery Machines - Knill Group","isPartOf":{"@id":"https:\/\/www.knillgruppe.com\/en\/#website"},"datePublished":"2025-03-28T11:17:29+00:00","dateModified":"2026-04-20T09:04:44+00:00","description":"BM-Rosendahl ist der weltweit f\u00fchrende Hersteller von L\u00f6sungen f\u00fcr Lithium-Ionen und Blei-S\u00e4ure-Batterieproduktion.","breadcrumb":{"@id":"https:\/\/www.knillgruppe.com\/en\/technology\/battery-machines\/#breadcrumb"},"inLanguage":"en-US","potentialAction":[{"@type":"ReadAction","target":["https:\/\/www.knillgruppe.com\/en\/technology\/battery-machines\/"]}]},{"@type":"BreadcrumbList","@id":"https:\/\/www.knillgruppe.com\/en\/technology\/battery-machines\/#breadcrumb","itemListElement":[{"@type":"ListItem","position":1,"name":"Home","item":"https:\/\/www.knillgruppe.com\/en\/"},{"@type":"ListItem","position":2,"name":"Technology","item":"https:\/\/www.knillgruppe.com\/en\/technology\/"},{"@type":"ListItem","position":3,"name":"Battery Machines"}]},{"@type":"WebSite","@id":"https:\/\/www.knillgruppe.com\/en\/#website","url":"https:\/\/www.knillgruppe.com\/en\/","name":"Knill Group","description":"","potentialAction":[{"@type":"SearchAction","target":{"@type":"EntryPoint","urlTemplate":"https:\/\/www.knillgruppe.com\/en\/?s={search_term_string}"},"query-input":{"@type":"PropertyValueSpecification","valueRequired":true,"valueName":"search_term_string"}}],"inLanguage":"en-US"}]}},"_links":{"self":[{"href":"https:\/\/www.knillgruppe.com\/en\/wp-json\/wp\/v2\/pages\/10543","targetHints":{"allow":["GET"]}}],"collection":[{"href":"https:\/\/www.knillgruppe.com\/en\/wp-json\/wp\/v2\/pages"}],"about":[{"href":"https:\/\/www.knillgruppe.com\/en\/wp-json\/wp\/v2\/types\/page"}],"author":[{"embeddable":true,"href":"https:\/\/www.knillgruppe.com\/en\/wp-json\/wp\/v2\/users\/2"}],"replies":[{"embeddable":true,"href":"https:\/\/www.knillgruppe.com\/en\/wp-json\/wp\/v2\/comments?post=10543"}],"version-history":[{"count":5,"href":"https:\/\/www.knillgruppe.com\/en\/wp-json\/wp\/v2\/pages\/10543\/revisions"}],"predecessor-version":[{"id":12498,"href":"https:\/\/www.knillgruppe.com\/en\/wp-json\/wp\/v2\/pages\/10543\/revisions\/12498"}],"up":[{"embeddable":true,"href":"https:\/\/www.knillgruppe.com\/en\/wp-json\/wp\/v2\/pages\/11883"}],"wp:attachment":[{"href":"https:\/\/www.knillgruppe.com\/en\/wp-json\/wp\/v2\/media?parent=10543"}],"curies":[{"name":"wp","href":"https:\/\/api.w.org\/{rel}","templated":true}]}}